{"id":63,"date":"2024-06-07T08:53:38","date_gmt":"2024-06-07T08:53:38","guid":{"rendered":"https:\/\/lovenshof.nl\/?page_id=63"},"modified":"2025-07-16T12:48:55","modified_gmt":"2025-07-16T12:48:55","slug":"parkeren","status":"publish","type":"page","link":"https:\/\/lovenshof.nl\/?page_id=63","title":{"rendered":"Mobiliteit"},"content":{"rendered":"\n<h2 class=\"wp-block-heading\">Parkeren<\/h2>\n\n\n\n<p>De appartementen liggen in een centrumgebied waar gereguleerd parkeren is ingevoerd. Bij het appartementencomplex zijn volgens de geldende parkeernormen van de gemeente Tilburg voldoende parkeerplaatsen aanwezig. Bovendien zijn er deelauto\u2019s voor gebruik door de huurders.\u00a0<\/p>\n\n\n\n<p>Het parkeerterrein is gemeenschappelijk en er zijn volgens de geldende normen voldoende parkeerplaatsen met in acht neming van de volgende specifieke regels:<\/p>\n\n\n\n<ul class=\"wp-block-list\">\n<li>Per appartement wordt \u00e9\u00e9n parkeervignet uitgereikt na registratie van het kenteken. Er mag dus maar \u00e9\u00e9n auto geparkeerd worden per adres. Voor een tweede of derde (bedrijfs)auto dient u een andere parkeerplaats te vinden. Voor een viertal specifieke huisnummers is de gemeente akkoord gegaan om op de openbare weg te parkeren. Deze bewoners worden apart ge\u00efnformeerd hoe zij hiervoor dienen te&nbsp;&nbsp;registreren.<\/li>\n\n\n\n<li>Middels een afstandsbediening kan de slagboom en de overhead-deur geopend worden.<\/li>\n\n\n\n<li>Auto&#8217;s zonder vignet lopen het risico een wielklem te krijgen. Voor het verwijderen van een wielklem worden kosten in rekening gebracht door het bedrijf dat de wielklemmen plaatst.<\/li>\n<\/ul>\n\n\n\n<h2 class=\"wp-block-heading\">Deelauto<\/h2>\n\n\n\n<p>Om de parkeerdruk te verminderen is er speciaal voor de bewoners van Lovenshof een elektrische deelauto beschikbaar. <br><br>De auto staat bij de laadpaal op het parkeerterrein van Lovenshof met kenteken <strong>L-697-PB<\/strong>. <br><br>U kunt de auto reserveren en gebruiken via een app. Om de app te kunnen gebruiken heeft u een persoonlijk account nodig. Wilt u gebruik maken van de deelauto? Stuur dan een <a href=\"mailto:info@a2bsharing.nl\" data-type=\"mailto\" data-id=\"mailto:info@a2bsharing.nl\">email<\/a> met uw volledige naam, adres en emailadres.\u00a0Dan ontvangt u een link om een account te maken, zodat u de deelauto kunt reserveren en gebruiken. <br><br>Het gebruik van de auto kost 2 euro per uur en 0,28 cent per KM (tarieven onder voorbehoud van wijzigingen).<br><br>Bij vragen over de app en de deelauto&#8217;s kunt u contact opnemen met Helen Warmerdam van A2B sharing via WhatsApp, telefoon of <a href=\"mailto:helen@a2bsharing.nl\" data-type=\"mailto\" data-id=\"mailto:helen@a2bsharing.nl\">email<\/a>: <br>06 \u2013 18 95 39 74.<\/p>\n","protected":false},"excerpt":{"rendered":"<p>Parkeren De appartementen liggen in een centrumgebied waar gereguleerd parkeren is ingevoerd. Bij het appartementencomplex zijn volgens de geldende parkeernormen van de gemeente Tilburg voldoende parkeerplaatsen aanwezig. Bovendien zijn er deelauto\u2019s voor gebruik door de huurders.\u00a0 Het parkeerterrein is gemeenschappelijk en er zijn volgens de geldende normen voldoende parkeerplaatsen met in acht neming van de [&hellip;]<\/p>\n","protected":false},"author":1,"featured_media":0,"parent":0,"menu_order":0,"comment_status":"closed","ping_status":"closed","template":"","meta":{"footnotes":""},"class_list":["post-63","page","type-page","status-publish","hentry"],"_links":{"self":[{"href":"https:\/\/lovenshof.nl\/index.php?rest_route=\/wp\/v2\/pages\/63","targetHints":{"allow":["GET"]}}],"collection":[{"href":"https:\/\/lovenshof.nl\/index.php?rest_route=\/wp\/v2\/pages"}],"about":[{"href":"https:\/\/lovenshof.nl\/index.php?rest_route=\/wp\/v2\/types\/page"}],"author":[{"embeddable":true,"href":"https:\/\/lovenshof.nl\/index.php?rest_route=\/wp\/v2\/users\/1"}],"replies":[{"embeddable":true,"href":"https:\/\/lovenshof.nl\/index.php?rest_route=%2Fwp%2Fv2%2Fcomments&post=63"}],"version-history":[{"count":6,"href":"https:\/\/lovenshof.nl\/index.php?rest_route=\/wp\/v2\/pages\/63\/revisions"}],"predecessor-version":[{"id":200,"href":"https:\/\/lovenshof.nl\/index.php?rest_route=\/wp\/v2\/pages\/63\/revisions\/200"}],"wp:attachment":[{"href":"https:\/\/lovenshof.nl\/index.php?rest_route=%2Fwp%2Fv2%2Fmedia&parent=63"}],"curies":[{"name":"wp","href":"https:\/\/api.w.org\/{rel}","templated":true}]}}